{"id":6907,"date":"2022-12-28T03:11:54","date_gmt":"2022-12-28T11:11:54","guid":{"rendered":"https:\/\/aldocruz.mx\/?page_id=6907"},"modified":"2023-01-01T13:02:29","modified_gmt":"2023-01-01T21:02:29","slug":"cg_layout","status":"publish","type":"page","link":"https:\/\/aldocruz.mx\/es\/cg_layout\/","title":{"rendered":"CG Layout"},"content":{"rendered":"[vc_row type=\u00bbfull_width_background\u00bb full_screen_row_position=\u00bbmiddle\u00bb column_margin=\u00bbnone\u00bb column_direction=\u00bbdefault\u00bb column_direction_tablet=\u00bbdefault\u00bb column_direction_phone=\u00bbdefault\u00bb bg_color=\u00bb#f7f7f7&#8243; scene_position=\u00bbcenter\u00bb top_padding=\u00bb8%\u00bb bottom_padding=\u00bb5%\u00bb left_padding_desktop=\u00bb15%\u00bb constrain_group_2=\u00bbyes\u00bb right_padding_desktop=\u00bb15%\u00bb top_padding_tablet=\u00bb20%\u00bb left_padding_tablet=\u00bb10%\u00bb constrain_group_4=\u00bbyes\u00bb right_padding_tablet=\u00bb10%\u00bb left_padding_phone=\u00bb0&#8243; constrain_group_6=\u00bbyes\u00bb right_padding_phone=\u00bb0&#8243; text_color=\u00bblight\u00bb text_align=\u00bbleft\u00bb row_border_radius=\u00bbnone\u00bb row_border_radius_applies=\u00bbbg\u00bb overflow=\u00bbvisible\u00bb overlay_strength=\u00bb0.3&#8243; gradient_direction=\u00bbleft_to_right\u00bb shape_divider_position=\u00bbbottom\u00bb bg_image_animation=\u00bbnone\u00bb shape_type=\u00bbstraight_section\u00bb gradient_type=\u00bbdefault\u00bb][vc_column column_padding=\u00bbno-extra-padding\u00bb column_padding_tablet=\u00bbinherit\u00bb column_padding_phone=\u00bbinherit\u00bb column_padding_position=\u00bball\u00bb bottom_margin=\u00bb-2%\u00bb top_margin_tablet=\u00bb-8%\u00bb bottom_margin_tablet=\u00bb5%\u00bb top_margin_phone=\u00bb1%\u00bb bottom_margin_phone=\u00bb10%\u00bb column_element_direction_desktop=\u00bbdefault\u00bb column_element_spacing=\u00bb0px\u00bb centered_text=\u00bbtrue\u00bb desktop_text_alignment=\u00bbdefault\u00bb tablet_text_alignment=\u00bbdefault\u00bb phone_text_alignment=\u00bbdefault\u00bb background_color_opacity=\u00bb1&#8243; background_hover_color_opacity=\u00bb1&#8243; column_backdrop_filter=\u00bbnone\u00bb column_shadow=\u00bbnone\u00bb column_border_radius=\u00bbnone\u00bb column_link_target=\u00bb_self\u00bb column_position=\u00bbdefault\u00bb gradient_direction=\u00bbleft_to_right\u00bb overlay_strength=\u00bb0.3&#8243; width=\u00bb1\/1&#8243; tablet_width_inherit=\u00bbdefault\u00bb animation_type=\u00bbdefault\u00bb bg_image_animation=\u00bbnone\u00bb border_type=\u00bbsimple\u00bb column_border_width=\u00bbnone\u00bb column_border_style=\u00bbsolid\u00bb column_padding_type=\u00bbdefault\u00bb gradient_type=\u00bbdefault\u00bb][vc_row_inner column_margin=\u00bbdefault\u00bb column_direction=\u00bbdefault\u00bb column_direction_tablet=\u00bbdefault\u00bb column_direction_phone=\u00bbdefault\u00bb bottom_padding=\u00bb20&#8243; bottom_padding_tablet=\u00bb10&#8243; text_align=\u00bbleft\u00bb row_position=\u00bbdefault\u00bb row_position_tablet=\u00bbinherit\u00bb row_position_phone=\u00bbinherit\u00bb overflow=\u00bbvisible\u00bb pointer_events=\u00bball\u00bb][vc_column_inner column_padding=\u00bbno-extra-padding\u00bb column_padding_tablet=\u00bbinherit\u00bb column_padding_phone=\u00bbinherit\u00bb column_padding_position=\u00bball\u00bb column_element_direction_desktop=\u00bbdefault\u00bb column_element_spacing=\u00bbdefault\u00bb desktop_text_alignment=\u00bbdefault\u00bb tablet_text_alignment=\u00bbdefault\u00bb phone_text_alignment=\u00bbdefault\u00bb background_color_opacity=\u00bb1&#8243; background_hover_color_opacity=\u00bb1&#8243; column_backdrop_filter=\u00bbnone\u00bb font_color=\u00bb#333333&#8243; column_shadow=\u00bbnone\u00bb column_border_radius=\u00bbnone\u00bb column_link_target=\u00bb_self\u00bb overflow=\u00bbvisible\u00bb gradient_direction=\u00bbleft_to_right\u00bb overlay_strength=\u00bb0.3&#8243; width=\u00bb1\/1&#8243; tablet_width_inherit=\u00bbdefault\u00bb animation_type=\u00bbdefault\u00bb enable_animation=\u00bbtrue\u00bb animation=\u00bbfade-in-from-bottom\u00bb animation_easing=\u00bbdefault\u00bb bg_image_animation=\u00bbnone\u00bb border_type=\u00bbsimple\u00bb column_border_width=\u00bbnone\u00bb column_border_style=\u00bbsolid\u00bb column_padding_type=\u00bbdefault\u00bb gradient_type=\u00bbdefault\u00bb][vc_column_text]\n<h6>\u00bfQu\u00e9 es CG Layout y qu\u00e9 hace un artista de Rough Layout?<\/h6>\n[\/vc_column_text][\/vc_column_inner][\/vc_row_inner][split_line_heading animation_type=\u00bbline-reveal-by-space\u00bb font_style=\u00bbh2&#8243; text_color=\u00bb#333333&#8243; line_reveal_by_space_text_effect=\u00bbdefault\u00bb stagger_animation=\u00bbtrue\u00bb content_alignment=\u00bbdefault\u00bb mobile_content_alignment=\u00bbinherit\u00bb link_target=\u00bb_self\u00bb text_content=\u00bbPresentaci\u00f3n que realic\u00e9 para Sony Pictures Imageworks como parte de nuestra charla interna \u00abCG Layout en Peliculas de Animaci\u00f3n 3D\u00ab, con el prop\u00f3sito de traer conciencia y educar sobre lo que hacemos en el Departamento de Layout.\u00bb font_size_phone=\u00bb24pt\u00bb font_size_tablet=\u00bb28pt\u00bb][\/split_line_heading][\/vc_column][\/vc_row][vc_row type=\u00bbfull_width_background\u00bb full_screen_row_position=\u00bbmiddle\u00bb column_margin=\u00bbnone\u00bb column_direction=\u00bbdefault\u00bb column_direction_tablet=\u00bbdefault\u00bb column_direction_phone=\u00bbdefault\u00bb bg_color=\u00bb#f7f7f7&#8243; scene_position=\u00bbcenter\u00bb top_padding=\u00bb6%\u00bb bottom_padding=\u00bb6%\u00bb top_padding_tablet=\u00bb7%\u00bb bottom_padding_tablet=\u00bb10%\u00bb bottom_padding_phone=\u00bb25%\u00bb text_color=\u00bbcustom\u00bb custom_text_color=\u00bb#d4c0ff\u00bb text_align=\u00bbleft\u00bb row_border_radius=\u00bbnone\u00bb row_border_radius_applies=\u00bbbg\u00bb overflow=\u00bbvisible\u00bb id=\u00bbimpact\u00bb overlay_strength=\u00bb0.3&#8243; gradient_direction=\u00bbleft_to_right\u00bb enable_shape_divider=\u00bbtrue\u00bb shape_divider_color=\u00bb#333333&#8243; shape_divider_position=\u00bbbottom\u00bb shape_divider_height=\u00bb50%\u00bb shape_divider_height_tablet=\u00bb47%\u00bb shape_divider_height_phone=\u00bb53%\u00bb bg_image_animation=\u00bbnone\u00bb shape_type=\u00bbstraight_section\u00bb gradient_type=\u00bbdefault\u00bb][vc_column column_padding=\u00bbno-extra-padding\u00bb column_padding_tablet=\u00bbinherit\u00bb column_padding_phone=\u00bbinherit\u00bb column_padding_position=\u00bball\u00bb column_element_direction_desktop=\u00bbdefault\u00bb column_element_spacing=\u00bbdefault\u00bb desktop_text_alignment=\u00bbdefault\u00bb tablet_text_alignment=\u00bbdefault\u00bb phone_text_alignment=\u00bbdefault\u00bb background_color_opacity=\u00bb1&#8243; background_hover_color_opacity=\u00bb1&#8243; column_backdrop_filter=\u00bbnone\u00bb column_shadow=\u00bbnone\u00bb column_border_radius=\u00bbnone\u00bb column_link_target=\u00bb_self\u00bb column_position=\u00bbdefault\u00bb gradient_direction=\u00bbleft_to_right\u00bb overlay_strength=\u00bb0.3&#8243; width=\u00bb1\/1&#8243; tablet_width_inherit=\u00bbdefault\u00bb animation_type=\u00bbdefault\u00bb bg_image_animation=\u00bbnone\u00bb border_type=\u00bbsimple\u00bb column_border_width=\u00bbnone\u00bb column_border_style=\u00bbsolid\u00bb column_padding_type=\u00bbdefault\u00bb gradient_type=\u00bbdefault\u00bb][carousel script=\u00bbsimple_slider\u00bb simple_slider_sizing=\u00bbaspect_ratio\u00bb simple_slider_aspect_ratio=\u00bb16-9&#8243; simple_slider_arrow_controls=\u00bbtrue\u00bb simple_slider_arrow_positioning=\u00bboverlapping\u00bb simple_slider_arrow_button_color=\u00bb#27ccc0&#8243; simple_slider_arrow_color=\u00bb#ffffff\u00bb simple_slider_transition_type=\u00bbslide\u00bb][item simple_slider_bg_image_url=\u00bb6908&#8243; simple_slider_bg_image_position=\u00bbcenter-center\u00bb simple_slider_font_color=\u00bb#ffffff\u00bb simple_slider_overlay_strength=\u00bb0.3&#8243; simple_slider_bg_image_loading=\u00bbdefault\u00bb simple_slider_gradient_direction=\u00bbleft_to_right\u00bb bg_image_url=\u00bb\u00bb bg_image_position=\u00bbdefault\u00bb image_url=\u00bb\u00bb id=\u00bb1672606792572-3&#8243; title=\u00bbItem\u00bb tab_id=\u00bb1672606792572-10&#8243;][vc_column_text][\/vc_column_text][\/item][item simple_slider_bg_image_url=\u00bb6909&#8243; simple_slider_bg_image_position=\u00bbcenter-center\u00bb simple_slider_font_color=\u00bb#ffffff\u00bb simple_slider_overlay_strength=\u00bb0.3&#8243; simple_slider_bg_image_loading=\u00bbdefault\u00bb simple_slider_gradient_direction=\u00bbleft_to_right\u00bb bg_image_url=\u00bb\u00bb bg_image_position=\u00bbdefault\u00bb image_url=\u00bb\u00bb id=\u00bb1672606792589-4&#8243; title=\u00bbItem\u00bb tab_id=\u00bb1672606792589-6&#8243;][vc_column_text][\/vc_column_text][\/item][item simple_slider_bg_image_url=\u00bb6910&#8243; simple_slider_bg_image_position=\u00bbcenter-center\u00bb simple_slider_font_color=\u00bb#ffffff\u00bb simple_slider_overlay_strength=\u00bb0.3&#8243; simple_slider_bg_image_loading=\u00bbdefault\u00bb simple_slider_gradient_direction=\u00bbleft_to_right\u00bb bg_image_url=\u00bb\u00bb bg_image_position=\u00bbdefault\u00bb image_url=\u00bb\u00bb id=\u00bb1672606792598-9&#8243; title=\u00bbItem\u00bb tab_id=\u00bb1672606792598-6&#8243;][vc_column_text][\/vc_column_text][\/item][item simple_slider_bg_image_url=\u00bb6921&#8243; simple_slider_bg_image_position=\u00bbdefault\u00bb simple_slider_overlay_strength=\u00bb0.3&#8243; simple_slider_bg_image_loading=\u00bbdefault\u00bb title=\u00bbItem\u00bb id=\u00bb1672606792606-6&#8243; tab_id=\u00bb1672606792606-5&#8243;][vc_column_text][\/vc_column_text][\/item][item simple_slider_bg_image_url=\u00bb6912&#8243; simple_slider_bg_image_position=\u00bbdefault\u00bb simple_slider_overlay_strength=\u00bb0.3&#8243; simple_slider_bg_image_loading=\u00bbdefault\u00bb title=\u00bbItem\u00bb id=\u00bb1672606792612-9&#8243; tab_id=\u00bb1672606792612-4&#8243;][vc_column_text][\/vc_column_text][\/item][item simple_slider_bg_image_url=\u00bb6913&#8243; simple_slider_bg_image_position=\u00bbdefault\u00bb simple_slider_overlay_strength=\u00bb0.3&#8243; simple_slider_bg_image_loading=\u00bbdefault\u00bb title=\u00bbItem\u00bb id=\u00bb1672606792620-0&#8243; tab_id=\u00bb1672606792621-2&#8243;][vc_column_text][\/vc_column_text][\/item][item simple_slider_bg_image_url=\u00bb6914&#8243; simple_slider_bg_image_position=\u00bbdefault\u00bb simple_slider_overlay_strength=\u00bb0.3&#8243; simple_slider_bg_image_loading=\u00bbdefault\u00bb title=\u00bbItem\u00bb id=\u00bb1672606792629-6&#8243; tab_id=\u00bb1672606792630-7&#8243;][vc_column_text][\/vc_column_text][\/item][item simple_slider_bg_image_url=\u00bb6915&#8243; simple_slider_bg_image_position=\u00bbdefault\u00bb simple_slider_overlay_strength=\u00bb0.3&#8243; simple_slider_bg_image_loading=\u00bbdefault\u00bb title=\u00bbItem\u00bb id=\u00bb1672606792639-7&#8243; tab_id=\u00bb1672606792640-10&#8243;][vc_column_text][\/vc_column_text][\/item][item simple_slider_bg_image_url=\u00bb6960&#8243; simple_slider_bg_image_position=\u00bbdefault\u00bb simple_slider_overlay_strength=\u00bb0.3&#8243; simple_slider_bg_image_loading=\u00bbdefault\u00bb title=\u00bbItem\u00bb id=\u00bb1672606792648-4&#8243; tab_id=\u00bb1672606792648-8&#8243;][vc_column_text][\/vc_column_text][\/item][item simple_slider_bg_image_url=\u00bb6917&#8243; simple_slider_bg_image_position=\u00bbdefault\u00bb simple_slider_overlay_strength=\u00bb0.3&#8243; simple_slider_bg_image_loading=\u00bbdefault\u00bb title=\u00bbItem\u00bb id=\u00bb1672606792656-3&#8243; tab_id=\u00bb1672606792657-3&#8243;][vc_column_text][\/vc_column_text][\/item][item simple_slider_bg_image_url=\u00bb6918&#8243; simple_slider_bg_image_position=\u00bbdefault\u00bb simple_slider_overlay_strength=\u00bb0.3&#8243; simple_slider_bg_image_loading=\u00bbdefault\u00bb title=\u00bbItem\u00bb id=\u00bb1672606792679-7&#8243; tab_id=\u00bb1672606792679-5&#8243;][vc_column_text][\/vc_column_text][\/item][item simple_slider_bg_image_url=\u00bb6919&#8243; simple_slider_bg_image_position=\u00bbdefault\u00bb simple_slider_overlay_strength=\u00bb0.3&#8243; simple_slider_bg_image_loading=\u00bbdefault\u00bb title=\u00bbItem\u00bb id=\u00bb1672606792686-4&#8243; tab_id=\u00bb1672606792686-2&#8243;][vc_column_text][\/vc_column_text][\/item][\/carousel][\/vc_column][\/vc_row]\n","protected":false},"excerpt":{"rendered":"<p>[vc_row type=\u00bbfull_width_background\u00bb full_screen_row_position=\u00bbmiddle\u00bb column_margin=\u00bbnone\u00bb column_direction=\u00bbdefault\u00bb column_direction_tablet=\u00bbdefault\u00bb column_direction_phone=\u00bbdefault\u00bb bg_color=\u00bb#f7f7f7&#8243; scene_position=\u00bbcenter\u00bb top_padding=\u00bb8%\u00bb bottom_padding=\u00bb5%\u00bb left_padding_desktop=\u00bb15%\u00bb constrain_group_2=\u00bbyes\u00bb right_padding_desktop=\u00bb15%\u00bb top_padding_tablet=\u00bb20%\u00bb left_padding_tablet=\u00bb10%\u00bb constrain_group_4=\u00bbyes\u00bb right_padding_tablet=\u00bb10%\u00bb left_padding_phone=\u00bb0&#8243; constrain_group_6=\u00bbyes\u00bb right_padding_phone=\u00bb0&#8243; text_color=\u00bblight\u00bb text_align=\u00bbleft\u00bb row_border_radius=\u00bbnone\u00bb row_border_radius_applies=\u00bbbg\u00bb overflow=\u00bbvisible\u00bb overlay_strength=\u00bb0.3&#8243; gradient_direction=\u00bbleft_to_right\u00bb shape_divider_position=\u00bbbottom\u00bb bg_image_animation=\u00bbnone\u00bb&#8230;<\/p>\n","protected":false},"author":1,"featured_media":0,"parent":0,"menu_order":0,"comment_status":"closed","ping_status":"closed","template":"","meta":{"_locale":"es_ES","_original_post":"https:\/\/aldocruz.mx\/?page_id=6804","footnotes":""},"class_list":{"0":"post-6907","1":"page","2":"type-page","3":"status-publish","5":"es-ES"},"yoast_head":"<!-- This site is optimized with the Yoast SEO plugin v27.3 - https:\/\/yoast.com\/product\/yoast-seo-wordpress\/ -->\n<title>CG Layout - ALDO CRUZ<\/title>\n<meta name=\"description\" content=\"\u00bfQu\u00e9 es CG Layout y qu\u00e9 hace un artista Rough Layout? Aqu\u00ed explico eso y las habilidades que se debe tener para sobresalir como Artista RLO\" \/>\n<meta name=\"robots\" content=\"index, follow, max-snippet:-1, max-image-preview:large, max-video-preview:-1\" \/>\n<link rel=\"canonical\" href=\"https:\/\/aldocruz.mx\/es\/cg_layout\/\" \/>\n<meta property=\"og:locale\" content=\"es_ES\" \/>\n<meta property=\"og:type\" content=\"article\" \/>\n<meta property=\"og:title\" content=\"CG Layout - ALDO CRUZ\" \/>\n<meta property=\"og:description\" content=\"\u00bfQu\u00e9 es CG Layout y qu\u00e9 hace un artista Rough Layout? Aqu\u00ed explico eso y las habilidades que se debe tener para sobresalir como Artista RLO\" \/>\n<meta property=\"og:url\" content=\"https:\/\/aldocruz.mx\/es\/cg_layout\/\" \/>\n<meta property=\"og:site_name\" content=\"ALDO CRUZ\" \/>\n<meta property=\"article:modified_time\" content=\"2023-01-01T21:02:29+00:00\" \/>\n<meta name=\"twitter:card\" content=\"summary_large_image\" \/>\n<meta name=\"twitter:label1\" content=\"Tiempo de lectura\" \/>\n\t<meta name=\"twitter:data1\" content=\"2 minutos\" \/>\n<script type=\"application\/ld+json\" class=\"yoast-schema-graph\">{\"@context\":\"https:\\\/\\\/schema.org\",\"@graph\":[{\"@type\":\"WebPage\",\"@id\":\"https:\\\/\\\/aldocruz.mx\\\/es\\\/cg_layout\\\/\",\"url\":\"https:\\\/\\\/aldocruz.mx\\\/es\\\/cg_layout\\\/\",\"name\":\"CG Layout - ALDO CRUZ\",\"isPartOf\":{\"@id\":\"https:\\\/\\\/aldocruz.mx\\\/#website\"},\"datePublished\":\"2022-12-28T11:11:54+00:00\",\"dateModified\":\"2023-01-01T21:02:29+00:00\",\"description\":\"\u00bfQu\u00e9 es CG Layout y qu\u00e9 hace un artista Rough Layout? Aqu\u00ed explico eso y las habilidades que se debe tener para sobresalir como Artista RLO\",\"breadcrumb\":{\"@id\":\"https:\\\/\\\/aldocruz.mx\\\/es\\\/cg_layout\\\/#breadcrumb\"},\"inLanguage\":\"es\",\"potentialAction\":[{\"@type\":\"ReadAction\",\"target\":[\"https:\\\/\\\/aldocruz.mx\\\/es\\\/cg_layout\\\/\"]}]},{\"@type\":\"BreadcrumbList\",\"@id\":\"https:\\\/\\\/aldocruz.mx\\\/es\\\/cg_layout\\\/#breadcrumb\",\"itemListElement\":[{\"@type\":\"ListItem\",\"position\":1,\"name\":\"Home\",\"item\":\"https:\\\/\\\/aldocruz.mx\\\/es\\\/\"},{\"@type\":\"ListItem\",\"position\":2,\"name\":\"CG Layout\"}]},{\"@type\":\"WebSite\",\"@id\":\"https:\\\/\\\/aldocruz.mx\\\/#website\",\"url\":\"https:\\\/\\\/aldocruz.mx\\\/\",\"name\":\"Aldo Cruz\",\"description\":\"Layout Artist \\\/\\\/ Previs Artist\",\"publisher\":{\"@id\":\"https:\\\/\\\/aldocruz.mx\\\/#\\\/schema\\\/person\\\/ee9a7e8562022987cdcb7875574c2d8c\"},\"potentialAction\":[{\"@type\":\"SearchAction\",\"target\":{\"@type\":\"EntryPoint\",\"urlTemplate\":\"https:\\\/\\\/aldocruz.mx\\\/?s={search_term_string}\"},\"query-input\":{\"@type\":\"PropertyValueSpecification\",\"valueRequired\":true,\"valueName\":\"search_term_string\"}}],\"inLanguage\":\"es\"},{\"@type\":[\"Person\",\"Organization\"],\"@id\":\"https:\\\/\\\/aldocruz.mx\\\/#\\\/schema\\\/person\\\/ee9a7e8562022987cdcb7875574c2d8c\",\"name\":\"Aldo Cruz\",\"image\":{\"@type\":\"ImageObject\",\"inLanguage\":\"es\",\"@id\":\"https:\\\/\\\/secure.gravatar.com\\\/avatar\\\/19298c629008b5f532cd505fce62d2c20075129a846c2b5ff626b3297e71ade6?s=96&d=mm&r=g\",\"url\":\"https:\\\/\\\/secure.gravatar.com\\\/avatar\\\/19298c629008b5f532cd505fce62d2c20075129a846c2b5ff626b3297e71ade6?s=96&d=mm&r=g\",\"contentUrl\":\"https:\\\/\\\/secure.gravatar.com\\\/avatar\\\/19298c629008b5f532cd505fce62d2c20075129a846c2b5ff626b3297e71ade6?s=96&d=mm&r=g\",\"caption\":\"Aldo Cruz\"},\"logo\":{\"@id\":\"https:\\\/\\\/secure.gravatar.com\\\/avatar\\\/19298c629008b5f532cd505fce62d2c20075129a846c2b5ff626b3297e71ade6?s=96&d=mm&r=g\"}}]}<\/script>\n<!-- \/ Yoast SEO plugin. -->","yoast_head_json":{"title":"CG Layout - ALDO CRUZ","description":"\u00bfQu\u00e9 es CG Layout y qu\u00e9 hace un artista Rough Layout? Aqu\u00ed explico eso y las habilidades que se debe tener para sobresalir como Artista RLO","robots":{"index":"index","follow":"follow","max-snippet":"max-snippet:-1","max-image-preview":"max-image-preview:large","max-video-preview":"max-video-preview:-1"},"canonical":"https:\/\/aldocruz.mx\/es\/cg_layout\/","og_locale":"es_ES","og_type":"article","og_title":"CG Layout - ALDO CRUZ","og_description":"\u00bfQu\u00e9 es CG Layout y qu\u00e9 hace un artista Rough Layout? Aqu\u00ed explico eso y las habilidades que se debe tener para sobresalir como Artista RLO","og_url":"https:\/\/aldocruz.mx\/es\/cg_layout\/","og_site_name":"ALDO CRUZ","article_modified_time":"2023-01-01T21:02:29+00:00","twitter_card":"summary_large_image","twitter_misc":{"Tiempo de lectura":"2 minutos"},"schema":{"@context":"https:\/\/schema.org","@graph":[{"@type":"WebPage","@id":"https:\/\/aldocruz.mx\/es\/cg_layout\/","url":"https:\/\/aldocruz.mx\/es\/cg_layout\/","name":"CG Layout - ALDO CRUZ","isPartOf":{"@id":"https:\/\/aldocruz.mx\/#website"},"datePublished":"2022-12-28T11:11:54+00:00","dateModified":"2023-01-01T21:02:29+00:00","description":"\u00bfQu\u00e9 es CG Layout y qu\u00e9 hace un artista Rough Layout? Aqu\u00ed explico eso y las habilidades que se debe tener para sobresalir como Artista RLO","breadcrumb":{"@id":"https:\/\/aldocruz.mx\/es\/cg_layout\/#breadcrumb"},"inLanguage":"es","potentialAction":[{"@type":"ReadAction","target":["https:\/\/aldocruz.mx\/es\/cg_layout\/"]}]},{"@type":"BreadcrumbList","@id":"https:\/\/aldocruz.mx\/es\/cg_layout\/#breadcrumb","itemListElement":[{"@type":"ListItem","position":1,"name":"Home","item":"https:\/\/aldocruz.mx\/es\/"},{"@type":"ListItem","position":2,"name":"CG Layout"}]},{"@type":"WebSite","@id":"https:\/\/aldocruz.mx\/#website","url":"https:\/\/aldocruz.mx\/","name":"Aldo Cruz","description":"Layout Artist \/\/ Previs Artist","publisher":{"@id":"https:\/\/aldocruz.mx\/#\/schema\/person\/ee9a7e8562022987cdcb7875574c2d8c"},"potentialAction":[{"@type":"SearchAction","target":{"@type":"EntryPoint","urlTemplate":"https:\/\/aldocruz.mx\/?s={search_term_string}"},"query-input":{"@type":"PropertyValueSpecification","valueRequired":true,"valueName":"search_term_string"}}],"inLanguage":"es"},{"@type":["Person","Organization"],"@id":"https:\/\/aldocruz.mx\/#\/schema\/person\/ee9a7e8562022987cdcb7875574c2d8c","name":"Aldo Cruz","image":{"@type":"ImageObject","inLanguage":"es","@id":"https:\/\/secure.gravatar.com\/avatar\/19298c629008b5f532cd505fce62d2c20075129a846c2b5ff626b3297e71ade6?s=96&d=mm&r=g","url":"https:\/\/secure.gravatar.com\/avatar\/19298c629008b5f532cd505fce62d2c20075129a846c2b5ff626b3297e71ade6?s=96&d=mm&r=g","contentUrl":"https:\/\/secure.gravatar.com\/avatar\/19298c629008b5f532cd505fce62d2c20075129a846c2b5ff626b3297e71ade6?s=96&d=mm&r=g","caption":"Aldo Cruz"},"logo":{"@id":"https:\/\/secure.gravatar.com\/avatar\/19298c629008b5f532cd505fce62d2c20075129a846c2b5ff626b3297e71ade6?s=96&d=mm&r=g"}}]}},"_links":{"self":[{"href":"https:\/\/aldocruz.mx\/wp-json\/wp\/v2\/pages\/6907","targetHints":{"allow":["GET"]}}],"collection":[{"href":"https:\/\/aldocruz.mx\/wp-json\/wp\/v2\/pages"}],"about":[{"href":"https:\/\/aldocruz.mx\/wp-json\/wp\/v2\/types\/page"}],"author":[{"embeddable":true,"href":"https:\/\/aldocruz.mx\/wp-json\/wp\/v2\/users\/1"}],"replies":[{"embeddable":true,"href":"https:\/\/aldocruz.mx\/wp-json\/wp\/v2\/comments?post=6907"}],"version-history":[{"count":9,"href":"https:\/\/aldocruz.mx\/wp-json\/wp\/v2\/pages\/6907\/revisions"}],"predecessor-version":[{"id":6961,"href":"https:\/\/aldocruz.mx\/wp-json\/wp\/v2\/pages\/6907\/revisions\/6961"}],"wp:attachment":[{"href":"https:\/\/aldocruz.mx\/wp-json\/wp\/v2\/media?parent=6907"}],"curies":[{"name":"wp","href":"https:\/\/api.w.org\/{rel}","templated":true}]}}